{"id":33015,"date":"2026-04-02T13:53:40","date_gmt":"2026-04-02T16:53:40","guid":{"rendered":"https:\/\/infotep.com.ar\/?page_id=33015"},"modified":"2026-04-02T13:53:40","modified_gmt":"2026-04-02T16:53:40","slug":"la-provincia-entrego-escrituras-en-lujan","status":"publish","type":"page","link":"https:\/\/infotep.com.ar\/index.php\/la-provincia-entrego-escrituras-en-lujan\/","title":{"rendered":"La Provincia entreg\u00f3 escrituras en Luj\u00e1n"},"content":{"rendered":"\n<p>M\u00e1s de 40 familias recibieron el t\u00edtulo de propiedad de sus viviendas, a trav\u00e9s del Ministerio de Desarrollo de la Comunidad<\/p>\n\n\n\n<p><br>En el marco de la pol\u00edtica de regularizaci\u00f3n dominial impulsada por el Gobierno de la Provincia de Buenos Aires, el Ministerio de Desarrollo de la Comunidad, a cargo de Andr\u00e9s Larroque, 42 familias de Luj\u00e1n accedieron a la escritura de su hogar, en lo que constituye el paso definitivo para garantizar seguridad jur\u00eddica y el derecho pleno sobre sus viviendas.<\/p>\n\n\n\n<p>El acto se realiz\u00f3 en el Centro Cultural Ana de Matos, en el marco de la Ley 24.374 de Regularizaci\u00f3n Dominial, con la participaci\u00f3n del subsecretario de H\u00e1bitat de la Comunidad del Ministerio, Rub\u00e9n Pascolini, y el intendente Leonardo Boto.<\/p>\n\n\n\n<p>Durante el encuentro, Pascolini reafirm\u00f3 el compromiso del Gobierno de la Provincia con la regularizaci\u00f3n dominial de miles de hogares. Destac\u00f3 \u201cel valor que cada escritura tiene para las familias, no solo como un derecho legal sino tambi\u00e9n como s\u00edmbolo de inclusi\u00f3n y pertenencia\u201d.<\/p>\n\n\n\n<p>La entrega de escrituras se realiza con el impulso del Estado Provincial, los gobiernos municipales, el Colegio de Escribanos de la Provincia y el acompa\u00f1amiento de la comunidad.<\/p>\n\n\n\n<p>El intendente Boto, en tanto, remarc\u00f3 el compromiso de su gesti\u00f3n de acompa\u00f1ar a los vecinos y vecinas en el proceso de regularizaci\u00f3n de sus viviendas, fortaleciendo el rol del Estado en garantizar derechos y mejorar la calidad de vida de la comunidad.<\/p>\n\n\n\n<p>Adem\u00e1s, la actividad sirvi\u00f3 para poner en marcha una resoluci\u00f3n administrativa del Ministerio de Desarrollo de la Comunidad mediante la cual, junto a las escrituras, se entrega un ejemplar del mapa de la Rep\u00fablica Argentina denominado Bi-continental que \u201creafirma la integridad y soberan\u00eda nacional sobre las Islas Malvinas, Georgias del Sur y S\u00e1ndwich del Sur con sus espacios mar\u00edtimos e insulares correspondientes\u201d.<\/p>\n\n\n\n<p>Respecto de esto, Pascolini destac\u00f3 que esta resoluci\u00f3n es una \u201creparaci\u00f3n hist\u00f3rica, un reconocimiento a ex soldados combatientes y una promoci\u00f3n y garant\u00eda de la Memoria, la Verdad y la Justicia respecto a la cuesti\u00f3n Malvinas\u201d, adem\u00e1s que permite que en cada hogar que recibe la escritura haya un mapa que refleje en toda su dimensi\u00f3n la importancia geogr\u00e1fica de nuestro pa\u00eds \u201cpara que nuestros hijos y nuestros nietos vean la Argentina que tenemos\u201d.<\/p>\n\n\n\n<p>De la actividad participaron el secretario de Obras e Infraestructura, Abel Rausch, el director de Tierras y Vivienda, Lucas Mirabelli y la Escribana del Registro de Regularizaci\u00f3n Dominial N\u00b01 de Luj\u00e1n, Mar\u00eda Ver\u00f3nica Grosso.<\/p>\n","protected":false},"excerpt":{"rendered":"<p>M&aacute;s de 40 familias recibieron el t&iacute;tulo de propiedad de sus viviendas, a trav&eacute;s del Ministerio de Desarrollo de la Comunidad En el marco de la pol&iacute;tica de regularizaci&oacute;n dominial impulsada por el Gobierno de la Provincia de Buenos Aires, el Ministerio de Desarrollo de la Comunidad, a cargo de Andr&eacute;s Larroque, 42 familias de &hellip; <\/p>\n","protected":false},"author":5,"featured_media":33016,"parent":0,"menu_order":0,"comment_status":"closed","ping_status":"closed","template":"","meta":{"om_disable_all_campaigns":false,"_joinchat":[]},"_links":{"self":[{"href":"https:\/\/infotep.com.ar\/index.php\/wp-json\/wp\/v2\/pages\/33015"}],"collection":[{"href":"https:\/\/infotep.com.ar\/index.php\/wp-json\/wp\/v2\/pages"}],"about":[{"href":"https:\/\/infotep.com.ar\/index.php\/wp-json\/wp\/v2\/types\/page"}],"author":[{"embeddable":true,"href":"https:\/\/infotep.com.ar\/index.php\/wp-json\/wp\/v2\/users\/5"}],"replies":[{"embeddable":true,"href":"https:\/\/infotep.com.ar\/index.php\/wp-json\/wp\/v2\/comments?post=33015"}],"version-history":[{"count":1,"href":"https:\/\/infotep.com.ar\/index.php\/wp-json\/wp\/v2\/pages\/33015\/revisions"}],"predecessor-version":[{"id":33017,"href":"https:\/\/infotep.com.ar\/index.php\/wp-json\/wp\/v2\/pages\/33015\/revisions\/33017"}],"wp:featuredmedia":[{"embeddable":true,"href":"https:\/\/infotep.com.ar\/index.php\/wp-json\/wp\/v2\/media\/33016"}],"wp:attachment":[{"href":"https:\/\/infotep.com.ar\/index.php\/wp-json\/wp\/v2\/media?parent=33015"}],"curies":[{"name":"wp","href":"https:\/\/api.w.org\/{rel}","templated":true}]}}